{"id":1846,"date":"2022-01-27T17:16:01","date_gmt":"2022-01-27T16:16:01","guid":{"rendered":"https:\/\/atropo.ch\/ueber-uns\/"},"modified":"2026-04-01T17:43:06","modified_gmt":"2026-04-01T15:43:06","slug":"ueber-uns","status":"publish","type":"page","link":"https:\/\/atropo.ch\/de\/ueber-uns\/","title":{"rendered":"Verein"},"content":{"rendered":"\t\t<div data-elementor-type=\"wp-page\" data-elementor-id=\"1846\" class=\"elementor elementor-1846 elementor-107\" data-elementor-post-type=\"page\">\n\t\t\t\t\t\t<section class=\"elementor-section elementor-top-section elementor-element elementor-element-0f31973 elementor-section-boxed elementor-section-height-default elementor-section-height-default\" data-id=\"0f31973\" data-element_type=\"section\" data-e-type=\"section\">\n\t\t\t\t\t\t<div class=\"elementor-container elementor-column-gap-default\">\n\t\t\t\t\t<div class=\"elementor-column elementor-col-50 elementor-top-column elementor-element elementor-element-afb01d0\" data-id=\"afb01d0\" data-element_type=\"column\" data-e-type=\"column\">\n\t\t\t<div class=\"elementor-widget-wrap elementor-element-populated\">\n\t\t\t\t\t\t<div class=\"elementor-element elementor-element-82c5069 elementor-widget elementor-widget-elementskit-heading\" data-id=\"82c5069\" data-element_type=\"widget\" data-e-type=\"widget\" data-widget_type=\"elementskit-heading.default\">\n\t\t\t\t<div class=\"elementor-widget-container\">\n\t\t\t\t\t<div class=\"ekit-wid-con\" ><div class=\"ekit-heading elementskit-section-title-wraper text_left   ekit_heading_tablet-   ekit_heading_mobile-\"><h2 class=\"ekit-heading--title elementskit-section-title \">\u00dcBER UNS<\/h2><\/div><\/div>\t\t\t\t<\/div>\n\t\t\t\t<\/div>\n\t\t\t\t<div class=\"elementor-element elementor-element-5667304 elementor-widget__width-initial elementor-widget-mobile__width-inherit elementor-widget elementor-widget-elementskit-heading\" data-id=\"5667304\" data-element_type=\"widget\" data-e-type=\"widget\" data-widget_type=\"elementskit-heading.default\">\n\t\t\t\t<div class=\"elementor-widget-container\">\n\t\t\t\t\t<div class=\"ekit-wid-con\" ><div class=\"ekit-heading elementskit-section-title-wraper text_left   ekit_heading_tablet-   ekit_heading_mobile-\"><h5 class=\"ekit-heading--title elementskit-section-title \">Unsere Vision<\/h5>\t\t\t\t<div class='ekit-heading__description'>\n\t\t\t\t\t<p>Wir glauben an die Kraft des Geschichtenerz\u00e4hlens, um verborgene Wahrheiten aufzudecken und neue Perspektiven zu inspirieren, die die Frage \u201eWas w\u00e4re, wenn?\u201c beantworten.<\/p>\n<p>Unsere Vision ist es, Filme zu schaffen, die Grenzen \u00fcberschreiten, die Tiefen der menschlichen Erfahrung erforschen und vielf\u00e4ltigen Erz\u00e4hlungen eine Stimme geben, die sonst vielleicht unerz\u00e4hlt blieben.<\/p>\n<p>Jedes Projekt, das wir in Angriff nehmen, ist eine Gelegenheit, Gespr\u00e4che anzuregen, etablierte Normen zu hinterfragen und die Komplexit\u00e4t des Lebens in all seinen Formen zu feiern.<\/p>\n\t\t\t\t<\/div>\n\t\t\t<\/div><\/div>\t\t\t\t<\/div>\n\t\t\t\t<\/div>\n\t\t\t\t<section class=\"elementor-section elementor-inner-section elementor-element elementor-element-1800eb6 elementor-section-boxed elementor-section-height-default elementor-section-height-default\" data-id=\"1800eb6\" data-element_type=\"section\" data-e-type=\"section\">\n\t\t\t\t\t\t<div class=\"elementor-container elementor-column-gap-default\">\n\t\t\t\t\t<div class=\"elementor-column elementor-col-100 elementor-inner-column elementor-element elementor-element-a7d3a24\" data-id=\"a7d3a24\" data-element_type=\"column\" data-e-type=\"column\">\n\t\t\t<div class=\"elementor-widget-wrap elementor-element-populated\">\n\t\t\t\t\t\t<div class=\"elementor-element elementor-element-e850cf7 elementor-widget elementor-widget-heading\" data-id=\"e850cf7\" data-element_type=\"widget\" data-e-type=\"widget\" data-widget_type=\"heading.default\">\n\t\t\t\t<div class=\"elementor-widget-container\">\n\t\t\t\t\t<h5 class=\"elementor-heading-title elementor-size-default\">Contacts<\/h5>\t\t\t\t<\/div>\n\t\t\t\t<\/div>\n\t\t\t\t<div class=\"elementor-element elementor-element-5f0e24d elementor-widget__width-initial elementor-icon-list--layout-traditional elementor-list-item-link-full_width elementor-widget elementor-widget-icon-list\" data-id=\"5f0e24d\" data-element_type=\"widget\" data-e-type=\"widget\" data-widget_type=\"icon-list.default\">\n\t\t\t\t<div class=\"elementor-widget-container\">\n\t\t\t\t\t\t\t<ul class=\"elementor-icon-list-items\">\n\t\t\t\t\t\t\t<li class=\"elementor-icon-list-item\">\n\t\t\t\t\t\t\t\t\t\t\t<a href=\"mailto:info@atropo.ch\">\n\n\t\t\t\t\t\t\t\t\t\t\t\t<span class=\"elementor-icon-list-icon\">\n\t\t\t\t\t\t\t<i aria-hidden=\"true\" class=\"icon icon-envelope\"><\/i>\t\t\t\t\t\t<\/span>\n\t\t\t\t\t\t\t\t\t\t<span class=\"elementor-icon-list-text\">info@atropo.ch<\/span>\n\t\t\t\t\t\t\t\t\t\t\t<\/a>\n\t\t\t\t\t\t\t\t\t<\/li>\n\t\t\t\t\t\t\t\t<li class=\"elementor-icon-list-item\">\n\t\t\t\t\t\t\t\t\t\t\t<span class=\"elementor-icon-list-icon\">\n\t\t\t\t\t\t\t<i aria-hidden=\"true\" class=\"fas fa-map-marker-alt\"><\/i>\t\t\t\t\t\t<\/span>\n\t\t\t\t\t\t\t\t\t\t<span class=\"elementor-icon-list-text\">Ticino, Schweiz<\/span>\n\t\t\t\t\t\t\t\t\t<\/li>\n\t\t\t\t\t\t\t\t<li class=\"elementor-icon-list-item\">\n\t\t\t\t\t\t\t\t\t\t\t<a href=\"https:\/\/www.instagram.com\/atropo.ch\">\n\n\t\t\t\t\t\t\t\t\t\t\t\t<span class=\"elementor-icon-list-icon\">\n\t\t\t\t\t\t\t<i aria-hidden=\"true\" class=\"fab fa-instagram\"><\/i>\t\t\t\t\t\t<\/span>\n\t\t\t\t\t\t\t\t\t\t<span class=\"elementor-icon-list-text\">Follow us @atropo.ch<\/span>\n\t\t\t\t\t\t\t\t\t\t\t<\/a>\n\t\t\t\t\t\t\t\t\t<\/li>\n\t\t\t\t\t\t<\/ul>\n\t\t\t\t\t\t<\/div>\n\t\t\t\t<\/div>\n\t\t\t\t\t<\/div>\n\t\t<\/div>\n\t\t\t\t\t<\/div>\n\t\t<\/section>\n\t\t\t\t\t<\/div>\n\t\t<\/div>\n\t\t\t\t<div class=\"elementor-column elementor-col-50 elementor-top-column elementor-element elementor-element-43570b6\" data-id=\"43570b6\" data-element_type=\"column\" data-e-type=\"column\">\n\t\t\t<div class=\"elementor-widget-wrap elementor-element-populated\">\n\t\t\t\t\t\t<div class=\"elementor-element elementor-element-79c67dd elementor-widget__width-initial elementor-widget elementor-widget-image\" data-id=\"79c67dd\" data-element_type=\"widget\" data-e-type=\"widget\" data-widget_type=\"image.default\">\n\t\t\t\t<div class=\"elementor-widget-container\">\n\t\t\t\t\t\t\t\t\t\t\t\t\t\t\t<img fetchpriority=\"high\" decoding=\"async\" width=\"854\" height=\"1281\" src=\"https:\/\/atropo.ch\/wp-content\/uploads\/2022\/04\/AP_PIF_Backstage_05-e1650558844465.webp\" class=\"attachment-full size-full wp-image-1817\" alt=\"\" srcset=\"https:\/\/atropo.ch\/wp-content\/uploads\/2022\/04\/AP_PIF_Backstage_05-e1650558844465.webp 854w, https:\/\/atropo.ch\/wp-content\/uploads\/2022\/04\/AP_PIF_Backstage_05-e1650558844465-200x300.webp 200w, https:\/\/atropo.ch\/wp-content\/uploads\/2022\/04\/AP_PIF_Backstage_05-e1650558844465-683x1024.webp 683w, https:\/\/atropo.ch\/wp-content\/uploads\/2022\/04\/AP_PIF_Backstage_05-e1650558844465-768x1152.webp 768w\" sizes=\"(max-width: 854px) 100vw, 854px\" \/>\t\t\t\t\t\t\t\t\t\t\t\t\t\t\t<\/div>\n\t\t\t\t<\/div>\n\t\t\t\t<div class=\"elementor-element elementor-element-64fdf1e elementor-widget__width-initial elementor-absolute elementor-widget elementor-widget-image\" data-id=\"64fdf1e\" data-element_type=\"widget\" data-e-type=\"widget\" data-settings=\"{&quot;_position&quot;:&quot;absolute&quot;}\" data-widget_type=\"image.default\">\n\t\t\t\t<div class=\"elementor-widget-container\">\n\t\t\t\t\t\t\t\t\t\t\t\t\t\t\t<img decoding=\"async\" width=\"453\" height=\"680\" src=\"https:\/\/atropo.ch\/wp-content\/uploads\/2022\/04\/AP_PIF_Backstage_10-e1650558922584.webp\" class=\"attachment-full size-full wp-image-1841\" alt=\"\" \/>\t\t\t\t\t\t\t\t\t\t\t\t\t\t\t<\/div>\n\t\t\t\t<\/div>\n\t\t\t\t<div class=\"elementor-element elementor-element-da3564e elementor-widget__width-initial elementor-absolute elementor-widget elementor-widget-image\" data-id=\"da3564e\" data-element_type=\"widget\" data-e-type=\"widget\" data-settings=\"{&quot;_position&quot;:&quot;absolute&quot;}\" data-widget_type=\"image.default\">\n\t\t\t\t<div class=\"elementor-widget-container\">\n\t\t\t\t\t\t\t\t\t\t\t\t\t\t\t<img decoding=\"async\" width=\"800\" height=\"534\" src=\"https:\/\/atropo.ch\/wp-content\/uploads\/2022\/04\/AP_PIF_Backstage_07-1024x683.webp\" class=\"attachment-large size-large wp-image-1842\" alt=\"\" srcset=\"https:\/\/atropo.ch\/wp-content\/uploads\/2022\/04\/AP_PIF_Backstage_07-1024x683.webp 1024w, https:\/\/atropo.ch\/wp-content\/uploads\/2022\/04\/AP_PIF_Backstage_07-300x200.webp 300w, https:\/\/atropo.ch\/wp-content\/uploads\/2022\/04\/AP_PIF_Backstage_07-768x512.webp 768w, https:\/\/atropo.ch\/wp-content\/uploads\/2022\/04\/AP_PIF_Backstage_07-1536x1024.webp 1536w, https:\/\/atropo.ch\/wp-content\/uploads\/2022\/04\/AP_PIF_Backstage_07.webp 1920w\" sizes=\"(max-width: 800px) 100vw, 800px\" \/>\t\t\t\t\t\t\t\t\t\t\t\t\t\t\t<\/div>\n\t\t\t\t<\/div>\n\t\t\t\t\t<\/div>\n\t\t<\/div>\n\t\t\t\t\t<\/div>\n\t\t<\/section>\n\t\t\t\t<section class=\"elementor-section elementor-top-section elementor-element elementor-element-48e7802 elementor-section-boxed elementor-section-height-default elementor-section-height-default\" data-id=\"48e7802\" data-element_type=\"section\" data-e-type=\"section\">\n\t\t\t\t\t\t<div class=\"elementor-container elementor-column-gap-default\">\n\t\t\t\t\t<div class=\"elementor-column elementor-col-100 elementor-top-column elementor-element elementor-element-af96b94\" data-id=\"af96b94\" data-element_type=\"column\" data-e-type=\"column\">\n\t\t\t<div class=\"elementor-widget-wrap elementor-element-populated\">\n\t\t\t\t\t\t<div class=\"elementor-element elementor-element-6cd9558 elementor--v-position-middle elementor-widget elementor-widget-slides\" data-id=\"6cd9558\" data-element_type=\"widget\" data-e-type=\"widget\" data-settings=\"{&quot;navigation&quot;:&quot;none&quot;,&quot;autoplay&quot;:&quot;yes&quot;,&quot;pause_on_hover&quot;:&quot;yes&quot;,&quot;pause_on_interaction&quot;:&quot;yes&quot;,&quot;autoplay_speed&quot;:5000,&quot;infinite&quot;:&quot;yes&quot;,&quot;transition&quot;:&quot;slide&quot;,&quot;transition_speed&quot;:500}\" data-widget_type=\"slides.default\">\n\t\t\t\t<div class=\"elementor-widget-container\">\n\t\t\t\t\t\t\t\t\t<div class=\"elementor-swiper\">\n\t\t\t\t\t<div class=\"elementor-slides-wrapper elementor-main-swiper swiper\" role=\"region\" aria-roledescription=\"carousel\" aria-label=\"Statute\" dir=\"ltr\" data-animation=\"fadeInUp\">\n\t\t\t\t<div class=\"swiper-wrapper elementor-slides\">\n\t\t\t\t\t\t\t\t\t\t<div class=\"elementor-repeater-item-503a075 swiper-slide\" role=\"group\" aria-roledescription=\"slide\"><div class=\"swiper-slide-bg\"><\/div><a class=\"swiper-slide-inner\" href=\"#\"><div class=\"swiper-slide-contents\"><div class=\"elementor-slide-heading\">SATZUNG<\/div><div  class=\"elementor-button elementor-slide-button elementor-size-sm\">PDF HERUNTERLADEN<\/div><\/div><\/a><\/div>\t\t\t\t<\/div>\n\t\t\t\t\t\t\t<\/div>\n\t\t\t\t<\/div>\n\t\t\t\t\t\t\t\t<\/div>\n\t\t\t\t<\/div>\n\t\t\t\t\t<\/div>\n\t\t<\/div>\n\t\t\t\t\t<\/div>\n\t\t<\/section>\n\t\t\t\t<\/div>\n\t\t","protected":false},"excerpt":{"rendered":"<p>\u00dcBER UNS Unsere Vision Wir glauben an die Kraft des Geschichtenerz\u00e4hlens, um verborgene Wahrheiten aufzudecken und neue Perspektiven zu inspirieren, die die Frage \u201eWas w\u00e4re, wenn?\u201c beantworten. Unsere Vision ist es, Filme zu schaffen, die Grenzen \u00fcberschreiten, die Tiefen der menschlichen Erfahrung erforschen und vielf\u00e4ltigen Erz\u00e4hlungen eine Stimme geben, die sonst vielleicht unerz\u00e4hlt blieben. Jedes [&hellip;]<\/p>\n","protected":false},"author":3,"featured_media":0,"parent":0,"menu_order":0,"comment_status":"closed","ping_status":"closed","template":"elementor_header_footer","meta":{"footnotes":""},"class_list":["post-1846","page","type-page","status-publish","hentry"],"_links":{"self":[{"href":"https:\/\/atropo.ch\/de\/wp-json\/wp\/v2\/pages\/1846","targetHints":{"allow":["GET"]}}],"collection":[{"href":"https:\/\/atropo.ch\/de\/wp-json\/wp\/v2\/pages"}],"about":[{"href":"https:\/\/atropo.ch\/de\/wp-json\/wp\/v2\/types\/page"}],"author":[{"embeddable":true,"href":"https:\/\/atropo.ch\/de\/wp-json\/wp\/v2\/users\/3"}],"replies":[{"embeddable":true,"href":"https:\/\/atropo.ch\/de\/wp-json\/wp\/v2\/comments?post=1846"}],"version-history":[{"count":5,"href":"https:\/\/atropo.ch\/de\/wp-json\/wp\/v2\/pages\/1846\/revisions"}],"predecessor-version":[{"id":2634,"href":"https:\/\/atropo.ch\/de\/wp-json\/wp\/v2\/pages\/1846\/revisions\/2634"}],"wp:attachment":[{"href":"https:\/\/atropo.ch\/de\/wp-json\/wp\/v2\/media?parent=1846"}],"curies":[{"name":"wp","href":"https:\/\/api.w.org\/{rel}","templated":true}]}}