{"id":1884,"date":"2022-01-27T18:09:08","date_gmt":"2022-01-27T17:09:08","guid":{"rendered":"https:\/\/atropo.ch\/film\/la-periferia-dellinfinito\/"},"modified":"2026-01-27T17:31:21","modified_gmt":"2026-01-27T16:31:21","slug":"la-periferia-dellinfinito","status":"publish","type":"page","link":"https:\/\/atropo.ch\/it\/film\/la-periferia-dellinfinito\/","title":{"rendered":"La Periferia dell&#8217;Infinito"},"content":{"rendered":"\t\t<div data-elementor-type=\"wp-page\" data-elementor-id=\"1884\" class=\"elementor elementor-1884 elementor-171\" data-elementor-post-type=\"page\">\n\t\t\t\t\t\t<section class=\"elementor-section elementor-top-section elementor-element elementor-element-4af96735 elementor-section-boxed elementor-section-height-default elementor-section-height-default\" data-id=\"4af96735\" data-element_type=\"section\" data-e-type=\"section\">\n\t\t\t\t\t\t\t<div class=\"elementor-background-overlay\"><\/div>\n\t\t\t\t\t\t\t<div class=\"elementor-container elementor-column-gap-default\">\n\t\t\t\t\t<div class=\"elementor-column elementor-col-100 elementor-top-column elementor-element elementor-element-1bee5b81\" data-id=\"1bee5b81\" data-element_type=\"column\" data-e-type=\"column\" data-settings=\"{&quot;background_background&quot;:&quot;classic&quot;}\">\n\t\t\t<div class=\"elementor-widget-wrap elementor-element-populated\">\n\t\t\t\t\t\t<section class=\"elementor-section elementor-inner-section elementor-element elementor-element-133c5278 elementor-section-boxed elementor-section-height-default elementor-section-height-default\" data-id=\"133c5278\" data-element_type=\"section\" data-e-type=\"section\">\n\t\t\t\t\t\t<div class=\"elementor-container elementor-column-gap-default\">\n\t\t\t\t\t<div class=\"elementor-column elementor-col-100 elementor-inner-column elementor-element elementor-element-bd0b6bd\" data-id=\"bd0b6bd\" data-element_type=\"column\" data-e-type=\"column\">\n\t\t\t<div class=\"elementor-widget-wrap elementor-element-populated\">\n\t\t\t\t\t\t<div class=\"elementor-element elementor-element-587bb2e elementor-widget elementor-widget-video\" data-id=\"587bb2e\" data-element_type=\"widget\" data-e-type=\"widget\" data-settings=\"{&quot;youtube_url&quot;:&quot;https:\\\/\\\/youtu.be\\\/jjskujnXl1w&quot;,&quot;lazy_load&quot;:&quot;yes&quot;,&quot;show_image_overlay&quot;:&quot;yes&quot;,&quot;image_overlay&quot;:{&quot;url&quot;:&quot;https:\\\/\\\/atropo.ch\\\/wp-content\\\/uploads\\\/2026\\\/01\\\/Locandina_PIF_Orizzontale_wog.jpg&quot;,&quot;id&quot;:2607,&quot;size&quot;:&quot;&quot;,&quot;alt&quot;:&quot;&quot;,&quot;source&quot;:&quot;library&quot;},&quot;video_type&quot;:&quot;youtube&quot;,&quot;controls&quot;:&quot;yes&quot;}\" data-widget_type=\"video.default\">\n\t\t\t\t<div class=\"elementor-widget-container\">\n\t\t\t\t\t\t\t<div class=\"elementor-wrapper elementor-open-inline\">\n\t\t\t<div class=\"elementor-video\"><\/div>\t\t\t\t<div class=\"elementor-custom-embed-image-overlay\" style=\"background-image: url(https:\/\/atropo.ch\/wp-content\/uploads\/2026\/01\/Locandina_PIF_Orizzontale_wog.jpg);\">\n\t\t\t\t\t\t\t\t\t\t\t\t\t\t\t\t<div class=\"elementor-custom-embed-play\" role=\"button\" aria-label=\"Riproduci video\" tabindex=\"0\">\n\t\t\t\t\t\t\t<i aria-hidden=\"true\" class=\"eicon-play\"><\/i>\t\t\t\t\t\t<\/div>\n\t\t\t\t\t\t\t\t\t<\/div>\n\t\t\t\t\t<\/div>\n\t\t\t\t\t\t<\/div>\n\t\t\t\t<\/div>\n\t\t\t\t\t<\/div>\n\t\t<\/div>\n\t\t\t\t\t<\/div>\n\t\t<\/section>\n\t\t\t\t<div class=\"elementor-element elementor-element-6e269bcd elementor-widget elementor-widget-heading\" data-id=\"6e269bcd\" data-element_type=\"widget\" data-e-type=\"widget\" data-widget_type=\"heading.default\">\n\t\t\t\t<div class=\"elementor-widget-container\">\n\t\t\t\t\t<h3 class=\"elementor-heading-title elementor-size-default\">LA PERIFERIA DELL'INFINITO | <span data-elementor-setting-key=\"title\" data-pen-placeholder=\"Digita qui...\" style=\"letter-spacing: normal\">2016<\/span><\/h3>\t\t\t\t<\/div>\n\t\t\t\t<\/div>\n\t\t\t\t<div class=\"elementor-element elementor-element-b061212 elementor-widget elementor-widget-image\" data-id=\"b061212\" data-element_type=\"widget\" data-e-type=\"widget\" data-widget_type=\"image.default\">\n\t\t\t\t<div class=\"elementor-widget-container\">\n\t\t\t\t\t\t\t\t\t\t\t\t\t\t\t\t<a href=\"https:\/\/www.imdb.com\/it\/title\/tt36895973\/\" target=\"_blank\">\n\t\t\t\t\t\t\t<img fetchpriority=\"high\" decoding=\"async\" width=\"1920\" height=\"1280\" src=\"https:\/\/atropo.ch\/wp-content\/uploads\/2025\/07\/IMDb-Logo.png\" class=\"attachment-full size-full wp-image-1876\" alt=\"\" srcset=\"https:\/\/atropo.ch\/wp-content\/uploads\/2025\/07\/IMDb-Logo.png 1920w, https:\/\/atropo.ch\/wp-content\/uploads\/2025\/07\/IMDb-Logo-300x200.png 300w, https:\/\/atropo.ch\/wp-content\/uploads\/2025\/07\/IMDb-Logo-1024x683.png 1024w, https:\/\/atropo.ch\/wp-content\/uploads\/2025\/07\/IMDb-Logo-768x512.png 768w, https:\/\/atropo.ch\/wp-content\/uploads\/2025\/07\/IMDb-Logo-1536x1024.png 1536w\" sizes=\"(max-width: 1920px) 100vw, 1920px\" \/>\t\t\t\t\t\t\t\t<\/a>\n\t\t\t\t\t\t\t\t\t\t\t\t\t\t\t<\/div>\n\t\t\t\t<\/div>\n\t\t\t\t<div class=\"elementor-element elementor-element-14dd152e elementor-widget elementor-widget-text-editor\" data-id=\"14dd152e\" data-element_type=\"widget\" data-e-type=\"widget\" data-widget_type=\"text-editor.default\">\n\t\t\t\t<div class=\"elementor-widget-container\">\n\t\t\t\t\t\t\t\t\t<p>TAGLINE<\/p>\t\t\t\t\t\t\t\t<\/div>\n\t\t\t\t<\/div>\n\t\t\t\t<div class=\"elementor-element elementor-element-e1ed062 elementor-widget elementor-widget-text-editor\" data-id=\"e1ed062\" data-element_type=\"widget\" data-e-type=\"widget\" data-widget_type=\"text-editor.default\">\n\t\t\t\t<div class=\"elementor-widget-container\">\n\t\t\t\t\t\t\t\t\t<p><em>&#8220;To whom, not only man, But this our globe, where man is nothing, is unknown&#8221;<\/em><\/p><p><strong>Giacomo Leopardi<\/strong><\/p>\t\t\t\t\t\t\t\t<\/div>\n\t\t\t\t<\/div>\n\t\t\t\t<div class=\"elementor-element elementor-element-091338b elementor-widget elementor-widget-text-editor\" data-id=\"091338b\" data-element_type=\"widget\" data-e-type=\"widget\" data-widget_type=\"text-editor.default\">\n\t\t\t\t<div class=\"elementor-widget-container\">\n\t\t\t\t\t\t\t\t\t<p>Logline<\/p>\t\t\t\t\t\t\t\t<\/div>\n\t\t\t\t<\/div>\n\t\t\t\t<div class=\"elementor-element elementor-element-30cdd4f elementor-widget elementor-widget-text-editor\" data-id=\"30cdd4f\" data-element_type=\"widget\" data-e-type=\"widget\" data-widget_type=\"text-editor.default\">\n\t\t\t\t<div class=\"elementor-widget-container\">\n\t\t\t\t\t\t\t\t\t<p>Siamo soli nell&#8217;universo? Il segnale Wow! era davvero falso o ci siamo persi qualcosa di straordinario? Consapevolezza della piccolezza dell&#8217;uomo e della Terra nella vastit\u00e0 del cosmo e contatto con una civilt\u00e0 non cos\u00ec aliena.<\/p>\t\t\t\t\t\t\t\t<\/div>\n\t\t\t\t<\/div>\n\t\t\t\t<div class=\"elementor-element elementor-element-a2b5e05 elementor-widget elementor-widget-text-editor\" data-id=\"a2b5e05\" data-element_type=\"widget\" data-e-type=\"widget\" data-widget_type=\"text-editor.default\">\n\t\t\t\t<div class=\"elementor-widget-container\">\n\t\t\t\t\t\t\t\t\t<p>Trama<\/p>\t\t\t\t\t\t\t\t<\/div>\n\t\t\t\t<\/div>\n\t\t\t\t<div class=\"elementor-element elementor-element-246ea17 elementor-widget elementor-widget-text-editor\" data-id=\"246ea17\" data-element_type=\"widget\" data-e-type=\"widget\" data-widget_type=\"text-editor.default\">\n\t\t\t\t<div class=\"elementor-widget-container\">\n\t\t\t\t\t\t\t\t\t<p>Nel 1983 Thomas e il suo collega Kirk sono studenti di dottorato all&#8217;universit\u00e0 e stanno conducendo ricerche sui segnali extraterrestri seguendo il percorso tracciato dal progetto SETI. Una sera, dopo mesi di attesa, le apparecchiature del laboratorio captano un segnale, ma \u00e8 troppo disturbato e incompleto per poter essere decifrato. Trent&#8217;anni dopo, nel 2013, proprio nella notte dell&#8217;anniversario di quell&#8217;evento straordinario ma ridicolizzato dalla facolt\u00e0, quando Thomas si \u00e8 ritirato a vivere in un piccolo osservatorio di provincia, un messaggio, lo stesso di allora, viene nuovamente captato dall&#8217;apparecchiatura.<\/p>\t\t\t\t\t\t\t\t<\/div>\n\t\t\t\t<\/div>\n\t\t\t\t<div class=\"elementor-element elementor-element-0db358c elementor-widget elementor-widget-text-editor\" data-id=\"0db358c\" data-element_type=\"widget\" data-e-type=\"widget\" data-widget_type=\"text-editor.default\">\n\t\t\t\t<div class=\"elementor-widget-container\">\n\t\t\t\t\t\t\t\t\t<p>Riferimenti storici<\/p>\t\t\t\t\t\t\t\t<\/div>\n\t\t\t\t<\/div>\n\t\t\t\t<div class=\"elementor-element elementor-element-46f0306 elementor-widget elementor-widget-text-editor\" data-id=\"46f0306\" data-element_type=\"widget\" data-e-type=\"widget\" data-widget_type=\"text-editor.default\">\n\t\t\t\t<div class=\"elementor-widget-container\">\n\t\t\t\t\t\t\t\t\t<p>Nel 1977, la NASA inser\u00ec un ambizioso messaggio a bordo delle sonde Voyager 1 e 2, una sorta di capsula del tempo, con l&#8217;obiettivo di comunicare la storia del nostro mondo a forme di vita extraterrestri. Il messaggio del Voyager \u00e8 inciso sul Golden Record, un disco dorato da 12 pollici contenente 115 immagini e registrazioni di suoni naturali e animali, una selezione di brani musicali provenienti da diverse aree geografiche ed epoche, saluti in 55 lingue parlate sulla Terra e messaggi del presidente degli Stati Uniti Jimmy Carter e del segretario delle Nazioni Unite Waldheim.<\/p>\t\t\t\t\t\t\t\t<\/div>\n\t\t\t\t<\/div>\n\t\t\t\t<section class=\"elementor-section elementor-inner-section elementor-element elementor-element-a35d943 elementor-section-boxed elementor-section-height-default elementor-section-height-default\" data-id=\"a35d943\" data-element_type=\"section\" data-e-type=\"section\">\n\t\t\t\t\t\t<div class=\"elementor-container elementor-column-gap-default\">\n\t\t\t\t\t<div class=\"elementor-column elementor-col-50 elementor-inner-column elementor-element elementor-element-122518e\" data-id=\"122518e\" data-element_type=\"column\" data-e-type=\"column\">\n\t\t\t<div class=\"elementor-widget-wrap elementor-element-populated\">\n\t\t\t\t\t\t<div class=\"elementor-element elementor-element-4f2659a elementor-widget elementor-widget-text-editor\" data-id=\"4f2659a\" data-element_type=\"widget\" data-e-type=\"widget\" data-widget_type=\"text-editor.default\">\n\t\t\t\t<div class=\"elementor-widget-container\">\n\t\t\t\t\t\t\t\t\t<p>Colonna sonora originale<\/p>\t\t\t\t\t\t\t\t<\/div>\n\t\t\t\t<\/div>\n\t\t\t\t<div class=\"elementor-element elementor-element-1c72fa6 elementor-align-center elementor-widget elementor-widget-button\" data-id=\"1c72fa6\" data-element_type=\"widget\" data-e-type=\"widget\" data-widget_type=\"button.default\">\n\t\t\t\t<div class=\"elementor-widget-container\">\n\t\t\t\t\t\t\t\t\t<div class=\"elementor-button-wrapper\">\n\t\t\t\t\t<a class=\"elementor-button elementor-button-link elementor-size-sm\" href=\"https:\/\/youtu.be\/ZWWBjijWTVU\">\n\t\t\t\t\t\t<span class=\"elementor-button-content-wrapper\">\n\t\t\t\t\t\t\t\t\t<span class=\"elementor-button-text\">Ascolta ora<\/span>\n\t\t\t\t\t<\/span>\n\t\t\t\t\t<\/a>\n\t\t\t\t<\/div>\n\t\t\t\t\t\t\t\t<\/div>\n\t\t\t\t<\/div>\n\t\t\t\t\t<\/div>\n\t\t<\/div>\n\t\t\t\t<div class=\"elementor-column elementor-col-50 elementor-inner-column elementor-element elementor-element-b6c5efa\" data-id=\"b6c5efa\" data-element_type=\"column\" data-e-type=\"column\">\n\t\t\t<div class=\"elementor-widget-wrap elementor-element-populated\">\n\t\t\t\t\t\t<div class=\"elementor-element elementor-element-7cfa8db elementor-widget elementor-widget-text-editor\" data-id=\"7cfa8db\" data-element_type=\"widget\" data-e-type=\"widget\" data-widget_type=\"text-editor.default\">\n\t\t\t\t<div class=\"elementor-widget-container\">\n\t\t\t\t\t\t\t\t\t<p>Press Kit<\/p>\t\t\t\t\t\t\t\t<\/div>\n\t\t\t\t<\/div>\n\t\t\t\t<div class=\"elementor-element elementor-element-de0a265 elementor-align-center elementor-widget elementor-widget-button\" data-id=\"de0a265\" data-element_type=\"widget\" data-e-type=\"widget\" data-widget_type=\"button.default\">\n\t\t\t\t<div class=\"elementor-widget-container\">\n\t\t\t\t\t\t\t\t\t<div class=\"elementor-button-wrapper\">\n\t\t\t\t\t<a class=\"elementor-button elementor-button-link elementor-size-sm\" href=\"https:\/\/atropo.ch\/download\/1440\/?tmstv=1753892126\">\n\t\t\t\t\t\t<span class=\"elementor-button-content-wrapper\">\n\t\t\t\t\t\t\t\t\t<span class=\"elementor-button-text\">Scarica ora<\/span>\n\t\t\t\t\t<\/span>\n\t\t\t\t\t<\/a>\n\t\t\t\t<\/div>\n\t\t\t\t\t\t\t\t<\/div>\n\t\t\t\t<\/div>\n\t\t\t\t\t<\/div>\n\t\t<\/div>\n\t\t\t\t\t<\/div>\n\t\t<\/section>\n\t\t\t\t\t<\/div>\n\t\t<\/div>\n\t\t\t\t\t<\/div>\n\t\t<\/section>\n\t\t\t\t<\/div>\n\t\t","protected":false},"excerpt":{"rendered":"<p>LA PERIFERIA DELL&#8217;INFINITO | 2016 TAGLINE &#8220;To whom, not only man, But this our globe, where man is nothing, is unknown&#8221; Giacomo Leopardi Logline Siamo soli nell&#8217;universo? Il segnale Wow! era davvero falso o ci siamo persi qualcosa di straordinario? Consapevolezza della piccolezza dell&#8217;uomo e della Terra nella vastit\u00e0 del cosmo e contatto con una [&hellip;]<\/p>\n","protected":false},"author":3,"featured_media":0,"parent":1863,"menu_order":0,"comment_status":"closed","ping_status":"closed","template":"elementor_header_footer","meta":{"footnotes":""},"class_list":["post-1884","page","type-page","status-publish","hentry"],"_links":{"self":[{"href":"https:\/\/atropo.ch\/it\/wp-json\/wp\/v2\/pages\/1884","targetHints":{"allow":["GET"]}}],"collection":[{"href":"https:\/\/atropo.ch\/it\/wp-json\/wp\/v2\/pages"}],"about":[{"href":"https:\/\/atropo.ch\/it\/wp-json\/wp\/v2\/types\/page"}],"author":[{"embeddable":true,"href":"https:\/\/atropo.ch\/it\/wp-json\/wp\/v2\/users\/3"}],"replies":[{"embeddable":true,"href":"https:\/\/atropo.ch\/it\/wp-json\/wp\/v2\/comments?post=1884"}],"version-history":[{"count":3,"href":"https:\/\/atropo.ch\/it\/wp-json\/wp\/v2\/pages\/1884\/revisions"}],"predecessor-version":[{"id":2609,"href":"https:\/\/atropo.ch\/it\/wp-json\/wp\/v2\/pages\/1884\/revisions\/2609"}],"up":[{"embeddable":true,"href":"https:\/\/atropo.ch\/it\/wp-json\/wp\/v2\/pages\/1863"}],"wp:attachment":[{"href":"https:\/\/atropo.ch\/it\/wp-json\/wp\/v2\/media?parent=1884"}],"curies":[{"name":"wp","href":"https:\/\/api.w.org\/{rel}","templated":true}]}}